{"id":1090,"date":"2026-01-12T23:42:14","date_gmt":"2026-01-12T23:42:14","guid":{"rendered":"https:\/\/fortismoto.com\/?post_type=product&#038;p=1090"},"modified":"2026-02-17T18:10:26","modified_gmt":"2026-02-17T18:10:26","slug":"fortis-expo","status":"publish","type":"product","link":"https:\/\/fortismoto.com\/en\/kolekcja\/fortis-expo\/","title":{"rendered":"Fortis Expo product"},"content":{"rendered":"<p>A motorcycle meant to draw attention needs the right setting. Fortis Expo was created to highlight both the character of the machine and the standard of the space in which it is displayed. It is a solution for those who treat presentation as part of their brand image, not just a technical accessory.<\/p>","protected":false},"excerpt":{"rendered":"<p>Fortis Expo is a solution designed for the professional display of motorcycles. Placing the bike in a vertical position, ensuring stability and balanced form, makes the motorcycle look symmetrical, elegant, and exactly as it should.<\/p>","protected":false},"featured_media":1237,"template":"","meta":{"site-sidebar-layout":"default","site-content-layout":"","ast-site-content-layout":"default","site-content-style":"default","site-sidebar-style":"default","ast-global-header-display":"","ast-banner-title-visibility":"","ast-main-header-display":"","ast-hfb-above-header-display":"","ast-hfb-below-header-display":"","ast-hfb-mobile-header-display":"","site-post-title":"","ast-breadcrumbs-content":"","ast-featured-img":"","footer-sml-layout":"","theme-transparent-header-meta":"default","adv-header-id-meta":"","stick-header-meta":"","header-above-stick-meta":"","header-main-stick-meta":"","header-below-stick-meta":"","astra-migrate-meta-layouts":"set","ast-page-background-enabled":"default","ast-page-background-meta":{"desktop":{"background-color":"var(--ast-global-color-4)","background-image":"","background-repeat":"repeat","background-position":"center center","background-size":"auto","background-attachment":"scroll","background-type":"","background-media":"","overlay-type":"","overlay-color":"","overlay-opacity":"","overlay-gradient":""},"tablet":{"background-color":"","background-image":"","background-repeat":"repeat","background-position":"center center","background-size":"auto","background-attachment":"scroll","background-type":"","background-media":"","overlay-type":"","overlay-color":"","overlay-opacity":"","overlay-gradient":""},"mobile":{"background-color":"","background-image":"","background-repeat":"repeat","background-position":"center center","background-size":"auto","background-attachment":"scroll","background-type":"","background-media":"","overlay-type":"","overlay-color":"","overlay-opacity":"","overlay-gradient":""}},"ast-content-background-meta":{"desktop":{"background-color":"var(--ast-global-color-5)","background-image":"","background-repeat":"repeat","background-position":"center center","background-size":"auto","background-attachment":"scroll","background-type":"","background-media":"","overlay-type":"","overlay-color":"","overlay-opacity":"","overlay-gradient":""},"tablet":{"background-color":"var(--ast-global-color-5)","background-image":"","background-repeat":"repeat","background-position":"center center","background-size":"auto","background-attachment":"scroll","background-type":"","background-media":"","overlay-type":"","overlay-color":"","overlay-opacity":"","overlay-gradient":""},"mobile":{"background-color":"var(--ast-global-color-5)","background-image":"","background-repeat":"repeat","background-position":"center center","background-size":"auto","background-attachment":"scroll","background-type":"","background-media":"","overlay-type":"","overlay-color":"","overlay-opacity":"","overlay-gradient":""}}},"product_brand":[],"product_cat":[27],"product_tag":[],"class_list":{"0":"post-1090","1":"product","2":"type-product","3":"status-publish","4":"has-post-thumbnail","6":"product_cat-bez-kategorii","7":"desktop-align-left","8":"tablet-align-left","9":"mobile-align-left","11":"first","12":"instock","13":"shipping-taxable","14":"purchasable","15":"product-type-variable"},"yoast_head":"<!-- This site is optimized with the Yoast SEO plugin v25.9 - https:\/\/yoast.com\/wordpress\/plugins\/seo\/ -->\n<title>Fortis Expo \u2013 profesjonalna platforma ekspozycyjna do motocykli<\/title>\n<meta name=\"description\" content=\"Fortis Expo to platforma do profesjonalnej ekspozycji motocykli w pozycji pionowej. Idealna do salon\u00f3w, showroom\u00f3w, event\u00f3w i prezentacji premium.\" \/>\n<meta name=\"robots\" content=\"index, follow, max-snippet:-1, max-image-preview:large, max-video-preview:-1\" \/>\n<link rel=\"canonical\" href=\"https:\/\/fortismoto.com\/en\/kolekcja\/fortis-expo\/\" \/>\n<meta property=\"og:locale\" content=\"en_GB\" \/>\n<meta property=\"og:type\" content=\"article\" \/>\n<meta property=\"og:title\" content=\"Fortis Expo \u2013 profesjonalna platforma ekspozycyjna do motocykli\" \/>\n<meta property=\"og:description\" content=\"Fortis Expo to platforma do profesjonalnej ekspozycji motocykli w pozycji pionowej. Idealna do salon\u00f3w, showroom\u00f3w, event\u00f3w i prezentacji premium.\" \/>\n<meta property=\"og:url\" content=\"https:\/\/fortismoto.com\/en\/kolekcja\/fortis-expo\/\" \/>\n<meta property=\"og:site_name\" content=\"Fortismoto\" \/>\n<meta property=\"article:modified_time\" content=\"2026-02-17T18:10:26+00:00\" \/>\n<meta property=\"og:image\" content=\"https:\/\/fortismoto.com\/wp-content\/uploads\/2026\/01\/kolekcja_expo_11zon-e1771349477264.webp\" \/>\n\t<meta property=\"og:image:width\" content=\"1080\" \/>\n\t<meta property=\"og:image:height\" content=\"770\" \/>\n\t<meta property=\"og:image:type\" content=\"image\/webp\" \/>\n<meta name=\"twitter:card\" content=\"summary_large_image\" \/>\n<meta name=\"twitter:label1\" content=\"Estimated reading time\" \/>\n\t<meta name=\"twitter:data1\" content=\"1 minute\" \/>\n<script type=\"application\/ld+json\" class=\"yoast-schema-graph\">{\"@context\":\"https:\/\/schema.org\",\"@graph\":[{\"@type\":\"WebPage\",\"@id\":\"https:\/\/fortismoto.com\/kolekcja\/fortis-expo\/\",\"url\":\"https:\/\/fortismoto.com\/kolekcja\/fortis-expo\/\",\"name\":\"Fortis Expo \u2013 profesjonalna platforma ekspozycyjna do motocykli\",\"isPartOf\":{\"@id\":\"https:\/\/fortismoto.com\/#website\"},\"primaryImageOfPage\":{\"@id\":\"https:\/\/fortismoto.com\/kolekcja\/fortis-expo\/#primaryimage\"},\"image\":{\"@id\":\"https:\/\/fortismoto.com\/kolekcja\/fortis-expo\/#primaryimage\"},\"thumbnailUrl\":\"https:\/\/fortismoto.com\/wp-content\/uploads\/2026\/01\/kolekcja_expo_11zon-e1771349477264.webp\",\"datePublished\":\"2026-01-12T23:42:14+00:00\",\"dateModified\":\"2026-02-17T18:10:26+00:00\",\"description\":\"Fortis Expo to platforma do profesjonalnej ekspozycji motocykli w pozycji pionowej. Idealna do salon\u00f3w, showroom\u00f3w, event\u00f3w i prezentacji premium.\",\"breadcrumb\":{\"@id\":\"https:\/\/fortismoto.com\/kolekcja\/fortis-expo\/#breadcrumb\"},\"inLanguage\":\"en-GB\",\"potentialAction\":[{\"@type\":\"ReadAction\",\"target\":[\"https:\/\/fortismoto.com\/kolekcja\/fortis-expo\/\"]}]},{\"@type\":\"ImageObject\",\"inLanguage\":\"en-GB\",\"@id\":\"https:\/\/fortismoto.com\/kolekcja\/fortis-expo\/#primaryimage\",\"url\":\"https:\/\/fortismoto.com\/wp-content\/uploads\/2026\/01\/kolekcja_expo_11zon-e1771349477264.webp\",\"contentUrl\":\"https:\/\/fortismoto.com\/wp-content\/uploads\/2026\/01\/kolekcja_expo_11zon-e1771349477264.webp\",\"width\":1080,\"height\":770},{\"@type\":\"BreadcrumbList\",\"@id\":\"https:\/\/fortismoto.com\/kolekcja\/fortis-expo\/#breadcrumb\",\"itemListElement\":[{\"@type\":\"ListItem\",\"position\":1,\"name\":\"Strona g\u0142\u00f3wna\",\"item\":\"https:\/\/fortismoto.com\/\"},{\"@type\":\"ListItem\",\"position\":2,\"name\":\"Kolekcja\",\"item\":\"https:\/\/fortismoto.com\/kolekcja\/\"},{\"@type\":\"ListItem\",\"position\":3,\"name\":\"Fortis Expo\"}]},{\"@type\":\"WebSite\",\"@id\":\"https:\/\/fortismoto.com\/#website\",\"url\":\"https:\/\/fortismoto.com\/\",\"name\":\"Fortismoto\",\"description\":\"Premium Stojak Motocyklowy\",\"publisher\":{\"@id\":\"https:\/\/fortismoto.com\/#organization\"},\"potentialAction\":[{\"@type\":\"SearchAction\",\"target\":{\"@type\":\"EntryPoint\",\"urlTemplate\":\"https:\/\/fortismoto.com\/?s={search_term_string}\"},\"query-input\":{\"@type\":\"PropertyValueSpecification\",\"valueRequired\":true,\"valueName\":\"search_term_string\"}}],\"inLanguage\":\"en-GB\"},{\"@type\":\"Organization\",\"@id\":\"https:\/\/fortismoto.com\/#organization\",\"name\":\"Fortismoto\",\"url\":\"https:\/\/fortismoto.com\/\",\"logo\":{\"@type\":\"ImageObject\",\"inLanguage\":\"en-GB\",\"@id\":\"https:\/\/fortismoto.com\/#\/schema\/logo\/image\/\",\"url\":\"https:\/\/fortismoto.com\/wp-content\/uploads\/2024\/12\/cropped-Group.png\",\"contentUrl\":\"https:\/\/fortismoto.com\/wp-content\/uploads\/2024\/12\/cropped-Group.png\",\"width\":1685,\"height\":958,\"caption\":\"Fortismoto\"},\"image\":{\"@id\":\"https:\/\/fortismoto.com\/#\/schema\/logo\/image\/\"}}]}<\/script>\n<!-- \/ Yoast SEO plugin. -->","yoast_head_json":{"title":"Fortis Expo \u2013 profesjonalna platforma ekspozycyjna do motocykli","description":"Fortis Expo to platforma do profesjonalnej ekspozycji motocykli w pozycji pionowej. Idealna do salon\u00f3w, showroom\u00f3w, event\u00f3w i prezentacji premium.","robots":{"index":"index","follow":"follow","max-snippet":"max-snippet:-1","max-image-preview":"max-image-preview:large","max-video-preview":"max-video-preview:-1"},"canonical":"https:\/\/fortismoto.com\/en\/kolekcja\/fortis-expo\/","og_locale":"en_GB","og_type":"article","og_title":"Fortis Expo \u2013 profesjonalna platforma ekspozycyjna do motocykli","og_description":"Fortis Expo to platforma do profesjonalnej ekspozycji motocykli w pozycji pionowej. Idealna do salon\u00f3w, showroom\u00f3w, event\u00f3w i prezentacji premium.","og_url":"https:\/\/fortismoto.com\/en\/kolekcja\/fortis-expo\/","og_site_name":"Fortismoto","article_modified_time":"2026-02-17T18:10:26+00:00","og_image":[{"width":1080,"height":770,"url":"https:\/\/fortismoto.com\/wp-content\/uploads\/2026\/01\/kolekcja_expo_11zon-e1771349477264.webp","type":"image\/webp"}],"twitter_card":"summary_large_image","twitter_misc":{"Estimated reading time":"1 minute"},"schema":{"@context":"https:\/\/schema.org","@graph":[{"@type":"WebPage","@id":"https:\/\/fortismoto.com\/kolekcja\/fortis-expo\/","url":"https:\/\/fortismoto.com\/kolekcja\/fortis-expo\/","name":"Fortis Expo \u2013 profesjonalna platforma ekspozycyjna do motocykli","isPartOf":{"@id":"https:\/\/fortismoto.com\/#website"},"primaryImageOfPage":{"@id":"https:\/\/fortismoto.com\/kolekcja\/fortis-expo\/#primaryimage"},"image":{"@id":"https:\/\/fortismoto.com\/kolekcja\/fortis-expo\/#primaryimage"},"thumbnailUrl":"https:\/\/fortismoto.com\/wp-content\/uploads\/2026\/01\/kolekcja_expo_11zon-e1771349477264.webp","datePublished":"2026-01-12T23:42:14+00:00","dateModified":"2026-02-17T18:10:26+00:00","description":"Fortis Expo to platforma do profesjonalnej ekspozycji motocykli w pozycji pionowej. Idealna do salon\u00f3w, showroom\u00f3w, event\u00f3w i prezentacji premium.","breadcrumb":{"@id":"https:\/\/fortismoto.com\/kolekcja\/fortis-expo\/#breadcrumb"},"inLanguage":"en-GB","potentialAction":[{"@type":"ReadAction","target":["https:\/\/fortismoto.com\/kolekcja\/fortis-expo\/"]}]},{"@type":"ImageObject","inLanguage":"en-GB","@id":"https:\/\/fortismoto.com\/kolekcja\/fortis-expo\/#primaryimage","url":"https:\/\/fortismoto.com\/wp-content\/uploads\/2026\/01\/kolekcja_expo_11zon-e1771349477264.webp","contentUrl":"https:\/\/fortismoto.com\/wp-content\/uploads\/2026\/01\/kolekcja_expo_11zon-e1771349477264.webp","width":1080,"height":770},{"@type":"BreadcrumbList","@id":"https:\/\/fortismoto.com\/kolekcja\/fortis-expo\/#breadcrumb","itemListElement":[{"@type":"ListItem","position":1,"name":"Strona g\u0142\u00f3wna","item":"https:\/\/fortismoto.com\/"},{"@type":"ListItem","position":2,"name":"Kolekcja","item":"https:\/\/fortismoto.com\/kolekcja\/"},{"@type":"ListItem","position":3,"name":"Fortis Expo"}]},{"@type":"WebSite","@id":"https:\/\/fortismoto.com\/#website","url":"https:\/\/fortismoto.com\/","name":"Fortismoto","description":"Premium Stojak Motocyklowy","publisher":{"@id":"https:\/\/fortismoto.com\/#organization"},"potentialAction":[{"@type":"SearchAction","target":{"@type":"EntryPoint","urlTemplate":"https:\/\/fortismoto.com\/?s={search_term_string}"},"query-input":{"@type":"PropertyValueSpecification","valueRequired":true,"valueName":"search_term_string"}}],"inLanguage":"en-GB"},{"@type":"Organization","@id":"https:\/\/fortismoto.com\/#organization","name":"Fortismoto","url":"https:\/\/fortismoto.com\/","logo":{"@type":"ImageObject","inLanguage":"en-GB","@id":"https:\/\/fortismoto.com\/#\/schema\/logo\/image\/","url":"https:\/\/fortismoto.com\/wp-content\/uploads\/2024\/12\/cropped-Group.png","contentUrl":"https:\/\/fortismoto.com\/wp-content\/uploads\/2024\/12\/cropped-Group.png","width":1685,"height":958,"caption":"Fortismoto"},"image":{"@id":"https:\/\/fortismoto.com\/#\/schema\/logo\/image\/"}}]}},"_links":{"self":[{"href":"https:\/\/fortismoto.com\/en\/wp-json\/wp\/v2\/product\/1090","targetHints":{"allow":["GET"]}}],"collection":[{"href":"https:\/\/fortismoto.com\/en\/wp-json\/wp\/v2\/product"}],"about":[{"href":"https:\/\/fortismoto.com\/en\/wp-json\/wp\/v2\/types\/product"}],"wp:featuredmedia":[{"embeddable":true,"href":"https:\/\/fortismoto.com\/en\/wp-json\/wp\/v2\/media\/1237"}],"wp:attachment":[{"href":"https:\/\/fortismoto.com\/en\/wp-json\/wp\/v2\/media?parent=1090"}],"wp:term":[{"taxonomy":"product_brand","embeddable":true,"href":"https:\/\/fortismoto.com\/en\/wp-json\/wp\/v2\/product_brand?post=1090"},{"taxonomy":"product_cat","embeddable":true,"href":"https:\/\/fortismoto.com\/en\/wp-json\/wp\/v2\/product_cat?post=1090"},{"taxonomy":"product_tag","embeddable":true,"href":"https:\/\/fortismoto.com\/en\/wp-json\/wp\/v2\/product_tag?post=1090"}],"curies":[{"name":"wp","href":"https:\/\/api.w.org\/{rel}","templated":true}]}}