{"id":166,"date":"2024-12-02T14:59:40","date_gmt":"2024-12-02T14:59:40","guid":{"rendered":"https:\/\/fortismoto.com\/?post_type=product&#038;p=166"},"modified":"2026-02-17T17:24:53","modified_gmt":"2026-02-17T17:24:53","slug":"fortis-classic","status":"publish","type":"product","link":"https:\/\/fortismoto.com\/en\/kolekcja\/fortis-classic\/","title":{"rendered":"Fortis Classic"},"content":{"rendered":"<p>FORTIS Classic to propozycja dla tych, kt\u00f3rzy ceni\u0105 prostot\u0119, pewno\u015b\u0107 i estetyk\u0119 w ka\u017cdym detalu. Ten stojak powsta\u0142 z my\u015bl\u0105 o codziennym u\u017cytkowaniu &#8211; od parkowania w ciasnym gara\u017cu, po ekspozycj\u0119 maszyny w salonie.<\/p>\n<p>Wykonany z najwy\u017cszej jako\u015bci materia\u0142\u00f3w, gwarantuje maksymaln\u0105 stabilno\u015b\u0107, d\u0142ugowieczno\u015b\u0107 oraz bezpiecze\u0144stwo Twojego motocykla. Minimalistyczna forma wpisuje si\u0119 w ka\u017cdy styl, a szybki monta\u017c i intuicyjna obs\u0142uga sprawiaj\u0105, \u017ce to wyb\u00f3r na lata &#8211; zar\u00f3wno dla pasjonat\u00f3w, jak i profesjonalist\u00f3w.<\/p>\n<p>Postaw na Fortis Classic, je\u015bli szukasz sprawdzonego rozwi\u0105zania na co dzie\u0144. Bez kompromis\u00f3w, bez zb\u0119dnych udziwnie\u0144, tylko czysta funkcjonalno\u015b\u0107.<\/p>","protected":false},"excerpt":{"rendered":"<p><span style=\"font-weight: 400;\">FORTIS Classic is the essence of modern design, functionality, and reliability. With flawless craftsmanship and premium materials, it\u2019s not only a practical solution for your garage, but also an elegant way to showcase your motorcycle.<\/span><\/p>","protected":false},"featured_media":970,"template":"","meta":{"site-sidebar-layout":"default","site-content-layout":"","ast-site-content-layout":"default","site-content-style":"default","site-sidebar-style":"default","ast-global-header-display":"","ast-banner-title-visibility":"","ast-main-header-display":"","ast-hfb-above-header-display":"","ast-hfb-below-header-display":"","ast-hfb-mobile-header-display":"","site-post-title":"","ast-breadcrumbs-content":"","ast-featured-img":"","footer-sml-layout":"","theme-transparent-header-meta":"default","adv-header-id-meta":"","stick-header-meta":"","header-above-stick-meta":"","header-main-stick-meta":"","header-below-stick-meta":"","astra-migrate-meta-layouts":"set","ast-page-background-enabled":"default","ast-page-background-meta":{"desktop":{"background-color":"var(--ast-global-color-4)","background-image":"","background-repeat":"repeat","background-position":"center center","background-size":"auto","background-attachment":"scroll","background-type":"","background-media":"","overlay-type":"","overlay-color":"","overlay-opacity":"","overlay-gradient":""},"tablet":{"background-color":"","background-image":"","background-repeat":"repeat","background-position":"center center","background-size":"auto","background-attachment":"scroll","background-type":"","background-media":"","overlay-type":"","overlay-color":"","overlay-opacity":"","overlay-gradient":""},"mobile":{"background-color":"","background-image":"","background-repeat":"repeat","background-position":"center center","background-size":"auto","background-attachment":"scroll","background-type":"","background-media":"","overlay-type":"","overlay-color":"","overlay-opacity":"","overlay-gradient":""}},"ast-content-background-meta":{"desktop":{"background-color":"var(--ast-global-color-5)","background-image":"","background-repeat":"repeat","background-position":"center center","background-size":"auto","background-attachment":"scroll","background-type":"","background-media":"","overlay-type":"","overlay-color":"","overlay-opacity":"","overlay-gradient":""},"tablet":{"background-color":"var(--ast-global-color-5)","background-image":"","background-repeat":"repeat","background-position":"center center","background-size":"auto","background-attachment":"scroll","background-type":"","background-media":"","overlay-type":"","overlay-color":"","overlay-opacity":"","overlay-gradient":""},"mobile":{"background-color":"var(--ast-global-color-5)","background-image":"","background-repeat":"repeat","background-position":"center center","background-size":"auto","background-attachment":"scroll","background-type":"","background-media":"","overlay-type":"","overlay-color":"","overlay-opacity":"","overlay-gradient":""}}},"product_brand":[],"product_cat":[27],"product_tag":[],"class_list":{"0":"post-166","1":"product","2":"type-product","3":"status-publish","4":"has-post-thumbnail","6":"product_cat-bez-kategorii","7":"desktop-align-left","8":"tablet-align-left","9":"mobile-align-left","11":"first","12":"instock","13":"shipping-taxable","14":"purchasable","15":"product-type-variable","16":"has-default-attributes"},"yoast_head":"<!-- This site is optimized with the Yoast SEO plugin v25.9 - https:\/\/yoast.com\/wordpress\/plugins\/seo\/ -->\n<title>Fortis Classic - stojak motocyklowy premium na co dzie\u0144<\/title>\n<meta name=\"description\" content=\"Fortis Classic to po\u0142\u0105czenie prostoty, wytrzyma\u0142o\u015bci i bezpiecze\u0144stwa. Stabilna konstrukcja, \u0142atwy monta\u017c i ponadczasowy design - stojak na lata, bez kompromis\u00f3w.\" \/>\n<meta name=\"robots\" content=\"index, follow, max-snippet:-1, max-image-preview:large, max-video-preview:-1\" \/>\n<link rel=\"canonical\" href=\"https:\/\/fortismoto.com\/en\/kolekcja\/fortis-classic\/\" \/>\n<meta property=\"og:locale\" content=\"en_GB\" \/>\n<meta property=\"og:type\" content=\"article\" \/>\n<meta property=\"og:title\" content=\"Fortis Classic - stojak motocyklowy premium na co dzie\u0144\" \/>\n<meta property=\"og:description\" content=\"Fortis Classic to po\u0142\u0105czenie prostoty, wytrzyma\u0142o\u015bci i bezpiecze\u0144stwa. Stabilna konstrukcja, \u0142atwy monta\u017c i ponadczasowy design - stojak na lata, bez kompromis\u00f3w.\" \/>\n<meta property=\"og:url\" content=\"https:\/\/fortismoto.com\/en\/kolekcja\/fortis-classic\/\" \/>\n<meta property=\"og:site_name\" content=\"Fortismoto\" \/>\n<meta property=\"article:modified_time\" content=\"2026-02-17T17:24:53+00:00\" \/>\n<meta property=\"og:image\" content=\"https:\/\/fortismoto.com\/wp-content\/uploads\/2025\/09\/1-1_37_11zon-scaled.webp\" \/>\n\t<meta property=\"og:image:width\" content=\"2560\" \/>\n\t<meta property=\"og:image:height\" content=\"1707\" \/>\n\t<meta property=\"og:image:type\" content=\"image\/webp\" \/>\n<meta name=\"twitter:card\" content=\"summary_large_image\" \/>\n<meta name=\"twitter:label1\" content=\"Estimated reading time\" \/>\n\t<meta name=\"twitter:data1\" content=\"1 minute\" \/>\n<script type=\"application\/ld+json\" class=\"yoast-schema-graph\">{\"@context\":\"https:\/\/schema.org\",\"@graph\":[{\"@type\":\"WebPage\",\"@id\":\"https:\/\/fortismoto.com\/kolekcja\/fortis-classic\/\",\"url\":\"https:\/\/fortismoto.com\/kolekcja\/fortis-classic\/\",\"name\":\"Fortis Classic - stojak motocyklowy premium na co dzie\u0144\",\"isPartOf\":{\"@id\":\"https:\/\/fortismoto.com\/#website\"},\"primaryImageOfPage\":{\"@id\":\"https:\/\/fortismoto.com\/kolekcja\/fortis-classic\/#primaryimage\"},\"image\":{\"@id\":\"https:\/\/fortismoto.com\/kolekcja\/fortis-classic\/#primaryimage\"},\"thumbnailUrl\":\"https:\/\/fortismoto.com\/wp-content\/uploads\/2025\/09\/1-1_37_11zon-scaled.webp\",\"datePublished\":\"2024-12-02T14:59:40+00:00\",\"dateModified\":\"2026-02-17T17:24:53+00:00\",\"description\":\"Fortis Classic to po\u0142\u0105czenie prostoty, wytrzyma\u0142o\u015bci i bezpiecze\u0144stwa. Stabilna konstrukcja, \u0142atwy monta\u017c i ponadczasowy design - stojak na lata, bez kompromis\u00f3w.\",\"breadcrumb\":{\"@id\":\"https:\/\/fortismoto.com\/kolekcja\/fortis-classic\/#breadcrumb\"},\"inLanguage\":\"en-GB\",\"potentialAction\":[{\"@type\":\"ReadAction\",\"target\":[\"https:\/\/fortismoto.com\/kolekcja\/fortis-classic\/\"]}]},{\"@type\":\"ImageObject\",\"inLanguage\":\"en-GB\",\"@id\":\"https:\/\/fortismoto.com\/kolekcja\/fortis-classic\/#primaryimage\",\"url\":\"https:\/\/fortismoto.com\/wp-content\/uploads\/2025\/09\/1-1_37_11zon-scaled.webp\",\"contentUrl\":\"https:\/\/fortismoto.com\/wp-content\/uploads\/2025\/09\/1-1_37_11zon-scaled.webp\",\"width\":2560,\"height\":1707},{\"@type\":\"BreadcrumbList\",\"@id\":\"https:\/\/fortismoto.com\/kolekcja\/fortis-classic\/#breadcrumb\",\"itemListElement\":[{\"@type\":\"ListItem\",\"position\":1,\"name\":\"Strona g\u0142\u00f3wna\",\"item\":\"https:\/\/fortismoto.com\/\"},{\"@type\":\"ListItem\",\"position\":2,\"name\":\"Kolekcja\",\"item\":\"https:\/\/fortismoto.com\/kolekcja\/\"},{\"@type\":\"ListItem\",\"position\":3,\"name\":\"Fortis Classic\"}]},{\"@type\":\"WebSite\",\"@id\":\"https:\/\/fortismoto.com\/#website\",\"url\":\"https:\/\/fortismoto.com\/\",\"name\":\"Fortismoto\",\"description\":\"Premium Stojak Motocyklowy\",\"publisher\":{\"@id\":\"https:\/\/fortismoto.com\/#organization\"},\"potentialAction\":[{\"@type\":\"SearchAction\",\"target\":{\"@type\":\"EntryPoint\",\"urlTemplate\":\"https:\/\/fortismoto.com\/?s={search_term_string}\"},\"query-input\":{\"@type\":\"PropertyValueSpecification\",\"valueRequired\":true,\"valueName\":\"search_term_string\"}}],\"inLanguage\":\"en-GB\"},{\"@type\":\"Organization\",\"@id\":\"https:\/\/fortismoto.com\/#organization\",\"name\":\"Fortismoto\",\"url\":\"https:\/\/fortismoto.com\/\",\"logo\":{\"@type\":\"ImageObject\",\"inLanguage\":\"en-GB\",\"@id\":\"https:\/\/fortismoto.com\/#\/schema\/logo\/image\/\",\"url\":\"https:\/\/fortismoto.com\/wp-content\/uploads\/2024\/12\/cropped-Group.png\",\"contentUrl\":\"https:\/\/fortismoto.com\/wp-content\/uploads\/2024\/12\/cropped-Group.png\",\"width\":1685,\"height\":958,\"caption\":\"Fortismoto\"},\"image\":{\"@id\":\"https:\/\/fortismoto.com\/#\/schema\/logo\/image\/\"}}]}<\/script>\n<!-- \/ Yoast SEO plugin. -->","yoast_head_json":{"title":"Fortis Classic - stojak motocyklowy premium na co dzie\u0144","description":"Fortis Classic to po\u0142\u0105czenie prostoty, wytrzyma\u0142o\u015bci i bezpiecze\u0144stwa. Stabilna konstrukcja, \u0142atwy monta\u017c i ponadczasowy design - stojak na lata, bez kompromis\u00f3w.","robots":{"index":"index","follow":"follow","max-snippet":"max-snippet:-1","max-image-preview":"max-image-preview:large","max-video-preview":"max-video-preview:-1"},"canonical":"https:\/\/fortismoto.com\/en\/kolekcja\/fortis-classic\/","og_locale":"en_GB","og_type":"article","og_title":"Fortis Classic - stojak motocyklowy premium na co dzie\u0144","og_description":"Fortis Classic to po\u0142\u0105czenie prostoty, wytrzyma\u0142o\u015bci i bezpiecze\u0144stwa. Stabilna konstrukcja, \u0142atwy monta\u017c i ponadczasowy design - stojak na lata, bez kompromis\u00f3w.","og_url":"https:\/\/fortismoto.com\/en\/kolekcja\/fortis-classic\/","og_site_name":"Fortismoto","article_modified_time":"2026-02-17T17:24:53+00:00","og_image":[{"width":2560,"height":1707,"url":"https:\/\/fortismoto.com\/wp-content\/uploads\/2025\/09\/1-1_37_11zon-scaled.webp","type":"image\/webp"}],"twitter_card":"summary_large_image","twitter_misc":{"Estimated reading time":"1 minute"},"schema":{"@context":"https:\/\/schema.org","@graph":[{"@type":"WebPage","@id":"https:\/\/fortismoto.com\/kolekcja\/fortis-classic\/","url":"https:\/\/fortismoto.com\/kolekcja\/fortis-classic\/","name":"Fortis Classic - stojak motocyklowy premium na co dzie\u0144","isPartOf":{"@id":"https:\/\/fortismoto.com\/#website"},"primaryImageOfPage":{"@id":"https:\/\/fortismoto.com\/kolekcja\/fortis-classic\/#primaryimage"},"image":{"@id":"https:\/\/fortismoto.com\/kolekcja\/fortis-classic\/#primaryimage"},"thumbnailUrl":"https:\/\/fortismoto.com\/wp-content\/uploads\/2025\/09\/1-1_37_11zon-scaled.webp","datePublished":"2024-12-02T14:59:40+00:00","dateModified":"2026-02-17T17:24:53+00:00","description":"Fortis Classic to po\u0142\u0105czenie prostoty, wytrzyma\u0142o\u015bci i bezpiecze\u0144stwa. Stabilna konstrukcja, \u0142atwy monta\u017c i ponadczasowy design - stojak na lata, bez kompromis\u00f3w.","breadcrumb":{"@id":"https:\/\/fortismoto.com\/kolekcja\/fortis-classic\/#breadcrumb"},"inLanguage":"en-GB","potentialAction":[{"@type":"ReadAction","target":["https:\/\/fortismoto.com\/kolekcja\/fortis-classic\/"]}]},{"@type":"ImageObject","inLanguage":"en-GB","@id":"https:\/\/fortismoto.com\/kolekcja\/fortis-classic\/#primaryimage","url":"https:\/\/fortismoto.com\/wp-content\/uploads\/2025\/09\/1-1_37_11zon-scaled.webp","contentUrl":"https:\/\/fortismoto.com\/wp-content\/uploads\/2025\/09\/1-1_37_11zon-scaled.webp","width":2560,"height":1707},{"@type":"BreadcrumbList","@id":"https:\/\/fortismoto.com\/kolekcja\/fortis-classic\/#breadcrumb","itemListElement":[{"@type":"ListItem","position":1,"name":"Strona g\u0142\u00f3wna","item":"https:\/\/fortismoto.com\/"},{"@type":"ListItem","position":2,"name":"Kolekcja","item":"https:\/\/fortismoto.com\/kolekcja\/"},{"@type":"ListItem","position":3,"name":"Fortis Classic"}]},{"@type":"WebSite","@id":"https:\/\/fortismoto.com\/#website","url":"https:\/\/fortismoto.com\/","name":"Fortismoto","description":"Premium Stojak Motocyklowy","publisher":{"@id":"https:\/\/fortismoto.com\/#organization"},"potentialAction":[{"@type":"SearchAction","target":{"@type":"EntryPoint","urlTemplate":"https:\/\/fortismoto.com\/?s={search_term_string}"},"query-input":{"@type":"PropertyValueSpecification","valueRequired":true,"valueName":"search_term_string"}}],"inLanguage":"en-GB"},{"@type":"Organization","@id":"https:\/\/fortismoto.com\/#organization","name":"Fortismoto","url":"https:\/\/fortismoto.com\/","logo":{"@type":"ImageObject","inLanguage":"en-GB","@id":"https:\/\/fortismoto.com\/#\/schema\/logo\/image\/","url":"https:\/\/fortismoto.com\/wp-content\/uploads\/2024\/12\/cropped-Group.png","contentUrl":"https:\/\/fortismoto.com\/wp-content\/uploads\/2024\/12\/cropped-Group.png","width":1685,"height":958,"caption":"Fortismoto"},"image":{"@id":"https:\/\/fortismoto.com\/#\/schema\/logo\/image\/"}}]}},"_links":{"self":[{"href":"https:\/\/fortismoto.com\/en\/wp-json\/wp\/v2\/product\/166","targetHints":{"allow":["GET"]}}],"collection":[{"href":"https:\/\/fortismoto.com\/en\/wp-json\/wp\/v2\/product"}],"about":[{"href":"https:\/\/fortismoto.com\/en\/wp-json\/wp\/v2\/types\/product"}],"wp:featuredmedia":[{"embeddable":true,"href":"https:\/\/fortismoto.com\/en\/wp-json\/wp\/v2\/media\/970"}],"wp:attachment":[{"href":"https:\/\/fortismoto.com\/en\/wp-json\/wp\/v2\/media?parent=166"}],"wp:term":[{"taxonomy":"product_brand","embeddable":true,"href":"https:\/\/fortismoto.com\/en\/wp-json\/wp\/v2\/product_brand?post=166"},{"taxonomy":"product_cat","embeddable":true,"href":"https:\/\/fortismoto.com\/en\/wp-json\/wp\/v2\/product_cat?post=166"},{"taxonomy":"product_tag","embeddable":true,"href":"https:\/\/fortismoto.com\/en\/wp-json\/wp\/v2\/product_tag?post=166"}],"curies":[{"name":"wp","href":"https:\/\/api.w.org\/{rel}","templated":true}]}}